{"id":49,"date":"2023-07-17T12:01:25","date_gmt":"2023-07-17T17:01:25","guid":{"rendered":"https:\/\/frimasco.com\/?page_id=49"},"modified":"2024-03-06T17:59:07","modified_gmt":"2024-03-06T22:59:07","slug":"a-propos","status":"publish","type":"page","link":"https:\/\/frimasco.com\/en\/a-propos\/","title":{"rendered":"About"},"content":{"rendered":"<div data-elementor-type=\"wp-page\" data-elementor-id=\"49\" class=\"elementor elementor-49\" data-elementor-post-type=\"page\">\n\t\t\t\t\t\t<section class=\"elementor-section elementor-top-section elementor-element elementor-element-48d70317 elementor-section-height-min-height elementor-section-full_width elementor-section-height-default elementor-section-items-middle\" data-id=\"48d70317\" data-element_type=\"section\" data-settings=\"{&quot;background_background&quot;:&quot;classic&quot;}\">\n\t\t\t\t\t\t\t<div class=\"elementor-background-overlay\"><\/div>\n\t\t\t\t\t\t\t<div class=\"elementor-container elementor-column-gap-default\">\n\t\t\t\t\t<div class=\"elementor-column elementor-col-100 elementor-top-column elementor-element elementor-element-4f45c36a\" data-id=\"4f45c36a\" data-element_type=\"column\">\n\t\t\t<div class=\"elementor-widget-wrap elementor-element-populated\">\n\t\t\t\t\t\t<section class=\"elementor-section elementor-inner-section elementor-element elementor-element-13cca4b5 elementor-section-boxed elementor-section-height-default elementor-section-height-default\" data-id=\"13cca4b5\" data-element_type=\"section\" data-settings=\"{&quot;background_background&quot;:&quot;classic&quot;}\">\n\t\t\t\t\t\t<div class=\"elementor-container elementor-column-gap-default\">\n\t\t\t\t\t<div class=\"elementor-column elementor-col-100 elementor-inner-column elementor-element elementor-element-147bac57\" data-id=\"147bac57\" data-element_type=\"column\" data-settings=\"{&quot;background_background&quot;:&quot;classic&quot;}\">\n\t\t\t<div class=\"elementor-widget-wrap elementor-element-populated\">\n\t\t\t\t\t<div class=\"elementor-background-overlay\"><\/div>\n\t\t\t\t\t\t<div class=\"elementor-element elementor-element-408e0543 elementor-invisible elementor-widget elementor-widget-heading\" data-id=\"408e0543\" data-element_type=\"widget\" data-settings=\"{&quot;_animation&quot;:&quot;fadeInDown&quot;}\" data-widget_type=\"heading.default\">\n\t\t\t\t<div class=\"elementor-widget-container\">\n\t\t\t<h1 class=\"elementor-heading-title elementor-size-default\">About us<\/h1>\t\t<\/div>\n\t\t\t\t<\/div>\n\t\t\t\t\t<\/div>\n\t\t<\/div>\n\t\t\t\t\t<\/div>\n\t\t<\/section>\n\t\t\t\t\t<\/div>\n\t\t<\/div>\n\t\t\t\t\t<\/div>\n\t\t<\/section>\n\t\t\t\t<section class=\"elementor-section elementor-top-section elementor-element elementor-element-57f34045 elementor-section-boxed elementor-section-height-default elementor-section-height-default\" data-id=\"57f34045\" data-element_type=\"section\">\n\t\t\t\t\t\t<div class=\"elementor-container elementor-column-gap-default\">\n\t\t\t\t\t<div class=\"elementor-column elementor-col-100 elementor-top-column elementor-element elementor-element-47e09b9b\" data-id=\"47e09b9b\" data-element_type=\"column\">\n\t\t\t<div class=\"elementor-widget-wrap elementor-element-populated\">\n\t\t\t\t\t\t<section class=\"elementor-section elementor-inner-section elementor-element elementor-element-5f500731 elementor-section-boxed elementor-section-height-default elementor-section-height-default\" data-id=\"5f500731\" data-element_type=\"section\">\n\t\t\t\t\t\t<div class=\"elementor-container elementor-column-gap-default\">\n\t\t\t\t\t<div class=\"elementor-column elementor-col-100 elementor-inner-column elementor-element elementor-element-1abb74f3\" data-id=\"1abb74f3\" data-element_type=\"column\">\n\t\t\t<div class=\"elementor-widget-wrap elementor-element-populated\">\n\t\t\t\t\t\t<div class=\"elementor-element elementor-element-324c8422 elementor-widget elementor-widget-image\" data-id=\"324c8422\" data-element_type=\"widget\" data-widget_type=\"image.default\">\n\t\t\t\t<div class=\"elementor-widget-container\">\n\t\t\t\t\t\t\t\t\t\t\t\t\t<img fetchpriority=\"high\" decoding=\"async\" width=\"1174\" height=\"518\" src=\"https:\/\/frimasco.com\/wp-content\/uploads\/frame-about-us-1-livin.png\" class=\"attachment-full size-full wp-image-145\" alt=\"\" srcset=\"https:\/\/frimasco.com\/wp-content\/uploads\/frame-about-us-1-livin.png 1174w, https:\/\/frimasco.com\/wp-content\/uploads\/frame-about-us-1-livin-300x132.png 300w, https:\/\/frimasco.com\/wp-content\/uploads\/frame-about-us-1-livin-1024x452.png 1024w, https:\/\/frimasco.com\/wp-content\/uploads\/frame-about-us-1-livin-768x339.png 768w\" sizes=\"(max-width: 1174px) 100vw, 1174px\" \/>\t\t\t\t\t\t\t\t\t\t\t\t\t<\/div>\n\t\t\t\t<\/div>\n\t\t\t\t\t<\/div>\n\t\t<\/div>\n\t\t\t\t\t<\/div>\n\t\t<\/section>\n\t\t\t\t<div class=\"elementor-element elementor-element-5f004c68 elementor-widget elementor-widget-image\" data-id=\"5f004c68\" data-element_type=\"widget\" data-widget_type=\"image.default\">\n\t\t\t\t<div class=\"elementor-widget-container\">\n\t\t\t\t\t\t\t\t\t\t\t\t\t<img decoding=\"async\" width=\"238\" height=\"239\" src=\"https:\/\/frimasco.com\/wp-content\/uploads\/ring-about-us-1-livin.png\" class=\"attachment-full size-full wp-image-150\" alt=\"\" srcset=\"https:\/\/frimasco.com\/wp-content\/uploads\/ring-about-us-1-livin.png 238w, https:\/\/frimasco.com\/wp-content\/uploads\/ring-about-us-1-livin-150x150.png 150w\" sizes=\"(max-width: 238px) 100vw, 238px\" \/>\t\t\t\t\t\t\t\t\t\t\t\t\t<\/div>\n\t\t\t\t<\/div>\n\t\t\t\t\t<\/div>\n\t\t<\/div>\n\t\t\t\t\t<\/div>\n\t\t<\/section>\n\t\t\t\t<section class=\"elementor-section elementor-top-section elementor-element elementor-element-62ec2ffe elementor-section-boxed elementor-section-height-default elementor-section-height-default\" data-id=\"62ec2ffe\" data-element_type=\"section\" data-settings=\"{&quot;background_background&quot;:&quot;classic&quot;}\">\n\t\t\t\t\t\t<div class=\"elementor-container elementor-column-gap-default\">\n\t\t\t\t\t<div class=\"elementor-column elementor-col-100 elementor-top-column elementor-element elementor-element-4edc3f84\" data-id=\"4edc3f84\" data-element_type=\"column\">\n\t\t\t<div class=\"elementor-widget-wrap elementor-element-populated\">\n\t\t\t\t\t\t<section class=\"elementor-section elementor-inner-section elementor-element elementor-element-32e53b51 elementor-section-boxed elementor-section-height-default elementor-section-height-default\" data-id=\"32e53b51\" data-element_type=\"section\">\n\t\t\t\t\t\t<div class=\"elementor-container elementor-column-gap-default\">\n\t\t\t\t\t<div class=\"elementor-column elementor-col-50 elementor-inner-column elementor-element elementor-element-61710047\" data-id=\"61710047\" data-element_type=\"column\">\n\t\t\t<div class=\"elementor-widget-wrap elementor-element-populated\">\n\t\t\t\t\t\t<div class=\"elementor-element elementor-element-4f0e352e elementor-invisible elementor-widget elementor-widget-heading\" data-id=\"4f0e352e\" data-element_type=\"widget\" data-settings=\"{&quot;_animation&quot;:&quot;fadeInDown&quot;}\" data-widget_type=\"heading.default\">\n\t\t\t\t<div class=\"elementor-widget-container\">\n\t\t\t<h2 class=\"elementor-heading-title elementor-size-default\">Who are we?<\/h2>\t\t<\/div>\n\t\t\t\t<\/div>\n\t\t\t\t<div class=\"elementor-element elementor-element-32e2e629 elementor-widget elementor-widget-text-editor\" data-id=\"32e2e629\" data-element_type=\"widget\" data-widget_type=\"text-editor.default\">\n\t\t\t\t<div class=\"elementor-widget-container\">\n\t\t\t\t\t\t\t<p>Frimasco Inc. is a construction company founded in 1980 specializing in the industrial and commercial sectors.<\/p><p>We specialize in installing insulated metal panels and metal siding for building envelopes.<\/p><p>With over forty years of experience, Frimasco has skilled, qualified teams. Our broad\nexpertise lets us respond promptly to the construction industry\u2019s current and ever-present challenges, particularly in the agri-food sector. Our clients\u2019 trust is precious, and their\nsatisfaction is our priority. We take pride in having collaborated on so many wonderful\nlarge-scale projects, which have made us leaders in exterior cladding, particularly in\ninsulated panels.<\/p>\t\t\t\t\t\t<\/div>\n\t\t\t\t<\/div>\n\t\t\t\t\t<\/div>\n\t\t<\/div>\n\t\t\t\t<div class=\"elementor-column elementor-col-50 elementor-inner-column elementor-element elementor-element-a20bd4f\" data-id=\"a20bd4f\" data-element_type=\"column\" data-settings=\"{&quot;background_background&quot;:&quot;classic&quot;}\">\n\t\t\t<div class=\"elementor-widget-wrap\">\n\t\t\t\t\t\t\t<\/div>\n\t\t<\/div>\n\t\t\t\t\t<\/div>\n\t\t<\/section>\n\t\t\t\t\t<\/div>\n\t\t<\/div>\n\t\t\t\t\t<\/div>\n\t\t<\/section>\n\t\t\t\t<\/div>","protected":false},"excerpt":{"rendered":"<p>\u00c0 propos de nous Qui sommes-nous? Frimasco inc. est une entreprise de construction fond\u00e9e en 1980, \u0153uvrant dans le secteur industriel et commercial. Nous sommes sp\u00e9cialis\u00e9s dans l\u2019installation de panneaux isolants pr\u00e9fabriqu\u00e9s et de rev\u00eatements m\u00e9talliques formant les enveloppes de b\u00e2timents. Avec plus de 40 ans d\u2019exp\u00e9rience, Frimasco dispose d\u2019\u00e9quipes comp\u00e9tentes et qualifi\u00e9es. Notre savoir-faire [&hellip;]<\/p>","protected":false},"author":1,"featured_media":0,"parent":0,"menu_order":0,"comment_status":"closed","ping_status":"closed","template":"elementor_header_footer","meta":{"footnotes":""},"_links":{"self":[{"href":"https:\/\/frimasco.com\/en\/wp-json\/wp\/v2\/pages\/49"}],"collection":[{"href":"https:\/\/frimasco.com\/en\/wp-json\/wp\/v2\/pages"}],"about":[{"href":"https:\/\/frimasco.com\/en\/wp-json\/wp\/v2\/types\/page"}],"author":[{"embeddable":true,"href":"https:\/\/frimasco.com\/en\/wp-json\/wp\/v2\/users\/1"}],"replies":[{"embeddable":true,"href":"https:\/\/frimasco.com\/en\/wp-json\/wp\/v2\/comments?post=49"}],"version-history":[{"count":5,"href":"https:\/\/frimasco.com\/en\/wp-json\/wp\/v2\/pages\/49\/revisions"}],"predecessor-version":[{"id":1240,"href":"https:\/\/frimasco.com\/en\/wp-json\/wp\/v2\/pages\/49\/revisions\/1240"}],"wp:attachment":[{"href":"https:\/\/frimasco.com\/en\/wp-json\/wp\/v2\/media?parent=49"}],"curies":[{"name":"wp","href":"https:\/\/api.w.org\/{rel}","templated":true}]}}